{"id":9358,"date":"2021-09-04T15:52:38","date_gmt":"2021-09-04T13:52:38","guid":{"rendered":"https:\/\/konkretstudio.hu\/konkret-studio\/"},"modified":"2025-01-26T19:08:18","modified_gmt":"2025-01-26T17:08:18","slug":"konkret-studio","status":"publish","type":"page","link":"https:\/\/konkretstudio.hu\/en\/","title":{"rendered":"Selected contents"},"content":{"rendered":"","protected":false},"excerpt":{"rendered":"","protected":false},"author":1,"featured_media":8643,"parent":0,"menu_order":0,"comment_status":"closed","ping_status":"closed","template":"page-homepage.php","meta":{"_acf_changed":false,"footnotes":""},"class_list":["post-9358","page","type-page","status-publish","has-post-thumbnail","hentry"],"acf":[],"yoast_head":"<!-- This site is optimized with the Yoast SEO plugin v27.4 - https:\/\/yoast.com\/product\/yoast-seo-wordpress\/ -->\n<title>Konkr\u00e9t St\u00fadi\u00f3<\/title>\n<meta name=\"description\" content=\"\u00e9p\u00edt\u00e9szet, bels\u0151\u00e9p\u00edt\u00e9szet, design, concrete, beton, corten, tervez\u00e9s, \u00e9p\u00edt\u00e9szeti tervez\u00e9s, minimalizmus, modern, kort\u00e1rs, csal\u00e1di h\u00e1z\" \/>\n<meta name=\"robots\" content=\"index, follow, max-snippet:-1, max-image-preview:large, max-video-preview:-1\" \/>\n<link rel=\"canonical\" href=\"https:\/\/konkretstudio.hu\/en\/\" \/>\n<meta property=\"og:locale\" content=\"en_US\" \/>\n<meta property=\"og:type\" content=\"article\" \/>\n<meta property=\"og:title\" content=\"https:\/\/www.facebook.com\/konkretstudio.hu\/?ref=page_internal\" \/>\n<meta property=\"og:description\" content=\"\u00e9p\u00edt\u00e9szet, bels\u0151\u00e9p\u00edt\u00e9szet, design, concrete, beton, corten, tervez\u00e9s, \u00e9p\u00edt\u00e9szeti tervez\u00e9s, minimalizmus, modern, kort\u00e1rs, csal\u00e1di h\u00e1z\" \/>\n<meta property=\"og:url\" content=\"https:\/\/konkretstudio.hu\/en\/\" \/>\n<meta property=\"og:site_name\" content=\"Konkr\u00e9t St\u00fadi\u00f3\" \/>\n<meta property=\"article:publisher\" content=\"https:\/\/www.facebook.com\/konkretstudio.hu\/?ref=page_internal\" \/>\n<meta property=\"article:modified_time\" content=\"2025-01-26T17:08:18+00:00\" \/>\n<meta property=\"og:image\" content=\"https:\/\/konkretstudio.hu\/wp-content\/uploads\/2022\/12\/DSC_9488_Sirokai-Levente-683x1024.jpg\" \/>\n\t<meta property=\"og:image:width\" content=\"683\" \/>\n\t<meta property=\"og:image:height\" content=\"1024\" \/>\n\t<meta property=\"og:image:type\" content=\"image\/jpeg\" \/>\n<meta name=\"twitter:card\" content=\"summary_large_image\" \/>\n<meta name=\"twitter:label1\" content=\"Est. reading time\" \/>\n\t<meta name=\"twitter:data1\" content=\"1 minute\" \/>\n<script type=\"application\/ld+json\" class=\"yoast-schema-graph\">{\"@context\":\"https:\\\/\\\/schema.org\",\"@graph\":[{\"@type\":\"WebPage\",\"@id\":\"https:\\\/\\\/konkretstudio.hu\\\/en\\\/\",\"url\":\"https:\\\/\\\/konkretstudio.hu\\\/en\\\/\",\"name\":\"Konkr\u00e9t St\u00fadi\u00f3\",\"isPartOf\":{\"@id\":\"https:\\\/\\\/konkretstudio.hu\\\/#website\"},\"primaryImageOfPage\":{\"@id\":\"https:\\\/\\\/konkretstudio.hu\\\/en\\\/#primaryimage\"},\"image\":{\"@id\":\"https:\\\/\\\/konkretstudio.hu\\\/en\\\/#primaryimage\"},\"thumbnailUrl\":\"https:\\\/\\\/konkretstudio.hu\\\/wp-content\\\/uploads\\\/2022\\\/12\\\/DSC_9488_Sirokai-Levente.jpg\",\"datePublished\":\"2021-09-04T13:52:38+00:00\",\"dateModified\":\"2025-01-26T17:08:18+00:00\",\"description\":\"\u00e9p\u00edt\u00e9szet, bels\u0151\u00e9p\u00edt\u00e9szet, design, concrete, beton, corten, tervez\u00e9s, \u00e9p\u00edt\u00e9szeti tervez\u00e9s, minimalizmus, modern, kort\u00e1rs, csal\u00e1di h\u00e1z\",\"breadcrumb\":{\"@id\":\"https:\\\/\\\/konkretstudio.hu\\\/en\\\/#breadcrumb\"},\"inLanguage\":\"en-US\",\"potentialAction\":[{\"@type\":\"ReadAction\",\"target\":[\"https:\\\/\\\/konkretstudio.hu\\\/en\\\/\"]}]},{\"@type\":\"ImageObject\",\"inLanguage\":\"en-US\",\"@id\":\"https:\\\/\\\/konkretstudio.hu\\\/en\\\/#primaryimage\",\"url\":\"https:\\\/\\\/konkretstudio.hu\\\/wp-content\\\/uploads\\\/2022\\\/12\\\/DSC_9488_Sirokai-Levente.jpg\",\"contentUrl\":\"https:\\\/\\\/konkretstudio.hu\\\/wp-content\\\/uploads\\\/2022\\\/12\\\/DSC_9488_Sirokai-Levente.jpg\",\"width\":1668,\"height\":2500},{\"@type\":\"BreadcrumbList\",\"@id\":\"https:\\\/\\\/konkretstudio.hu\\\/en\\\/#breadcrumb\",\"itemListElement\":[{\"@type\":\"ListItem\",\"position\":1,\"name\":\"Kezd\u0151lap\",\"item\":\"https:\\\/\\\/konkretstudio.hu\\\/en\\\/\"},{\"@type\":\"ListItem\",\"position\":2,\"name\":\"Selected contents\"}]},{\"@type\":\"WebSite\",\"@id\":\"https:\\\/\\\/konkretstudio.hu\\\/#website\",\"url\":\"https:\\\/\\\/konkretstudio.hu\\\/\",\"name\":\"Konkr\u00e9t St\u00fadi\u00f3\",\"description\":\"modern, letisztult, kort\u00e1rs \u00e9p\u00edt\u00e9szet\",\"publisher\":{\"@id\":\"https:\\\/\\\/konkretstudio.hu\\\/#organization\"},\"potentialAction\":[{\"@type\":\"SearchAction\",\"target\":{\"@type\":\"EntryPoint\",\"urlTemplate\":\"https:\\\/\\\/konkretstudio.hu\\\/?s={search_term_string}\"},\"query-input\":{\"@type\":\"PropertyValueSpecification\",\"valueRequired\":true,\"valueName\":\"search_term_string\"}}],\"inLanguage\":\"en-US\"},{\"@type\":\"Organization\",\"@id\":\"https:\\\/\\\/konkretstudio.hu\\\/#organization\",\"name\":\"Konkr\u00e9t St\u00fadi\u00f3 Kft.\",\"url\":\"https:\\\/\\\/konkretstudio.hu\\\/\",\"logo\":{\"@type\":\"ImageObject\",\"inLanguage\":\"en-US\",\"@id\":\"https:\\\/\\\/konkretstudio.hu\\\/#\\\/schema\\\/logo\\\/image\\\/\",\"url\":\"https:\\\/\\\/konkretstudio.hu\\\/wp-content\\\/uploads\\\/2022\\\/01\\\/konkret.jpg\",\"contentUrl\":\"https:\\\/\\\/konkretstudio.hu\\\/wp-content\\\/uploads\\\/2022\\\/01\\\/konkret.jpg\",\"width\":2048,\"height\":2048,\"caption\":\"Konkr\u00e9t St\u00fadi\u00f3 Kft.\"},\"image\":{\"@id\":\"https:\\\/\\\/konkretstudio.hu\\\/#\\\/schema\\\/logo\\\/image\\\/\"},\"sameAs\":[\"https:\\\/\\\/www.facebook.com\\\/konkretstudio.hu\\\/?ref=page_internal\",\"https:\\\/\\\/www.instagram.com\\\/konkret_studio\\\/?hl=hu\",\"https:\\\/\\\/hu.pinterest.com\\\/konkret_std\\\/_saved\\\/\"]}]}<\/script>\n<!-- \/ Yoast SEO plugin. -->","yoast_head_json":{"title":"Konkr\u00e9t St\u00fadi\u00f3","description":"\u00e9p\u00edt\u00e9szet, bels\u0151\u00e9p\u00edt\u00e9szet, design, concrete, beton, corten, tervez\u00e9s, \u00e9p\u00edt\u00e9szeti tervez\u00e9s, minimalizmus, modern, kort\u00e1rs, csal\u00e1di h\u00e1z","robots":{"index":"index","follow":"follow","max-snippet":"max-snippet:-1","max-image-preview":"max-image-preview:large","max-video-preview":"max-video-preview:-1"},"canonical":"https:\/\/konkretstudio.hu\/en\/","og_locale":"en_US","og_type":"article","og_title":"https:\/\/www.facebook.com\/konkretstudio.hu\/?ref=page_internal","og_description":"\u00e9p\u00edt\u00e9szet, bels\u0151\u00e9p\u00edt\u00e9szet, design, concrete, beton, corten, tervez\u00e9s, \u00e9p\u00edt\u00e9szeti tervez\u00e9s, minimalizmus, modern, kort\u00e1rs, csal\u00e1di h\u00e1z","og_url":"https:\/\/konkretstudio.hu\/en\/","og_site_name":"Konkr\u00e9t St\u00fadi\u00f3","article_publisher":"https:\/\/www.facebook.com\/konkretstudio.hu\/?ref=page_internal","article_modified_time":"2025-01-26T17:08:18+00:00","og_image":[{"width":683,"height":1024,"url":"https:\/\/konkretstudio.hu\/wp-content\/uploads\/2022\/12\/DSC_9488_Sirokai-Levente-683x1024.jpg","type":"image\/jpeg"}],"twitter_card":"summary_large_image","twitter_misc":{"Est. reading time":"1 minute"},"schema":{"@context":"https:\/\/schema.org","@graph":[{"@type":"WebPage","@id":"https:\/\/konkretstudio.hu\/en\/","url":"https:\/\/konkretstudio.hu\/en\/","name":"Konkr\u00e9t St\u00fadi\u00f3","isPartOf":{"@id":"https:\/\/konkretstudio.hu\/#website"},"primaryImageOfPage":{"@id":"https:\/\/konkretstudio.hu\/en\/#primaryimage"},"image":{"@id":"https:\/\/konkretstudio.hu\/en\/#primaryimage"},"thumbnailUrl":"https:\/\/konkretstudio.hu\/wp-content\/uploads\/2022\/12\/DSC_9488_Sirokai-Levente.jpg","datePublished":"2021-09-04T13:52:38+00:00","dateModified":"2025-01-26T17:08:18+00:00","description":"\u00e9p\u00edt\u00e9szet, bels\u0151\u00e9p\u00edt\u00e9szet, design, concrete, beton, corten, tervez\u00e9s, \u00e9p\u00edt\u00e9szeti tervez\u00e9s, minimalizmus, modern, kort\u00e1rs, csal\u00e1di h\u00e1z","breadcrumb":{"@id":"https:\/\/konkretstudio.hu\/en\/#breadcrumb"},"inLanguage":"en-US","potentialAction":[{"@type":"ReadAction","target":["https:\/\/konkretstudio.hu\/en\/"]}]},{"@type":"ImageObject","inLanguage":"en-US","@id":"https:\/\/konkretstudio.hu\/en\/#primaryimage","url":"https:\/\/konkretstudio.hu\/wp-content\/uploads\/2022\/12\/DSC_9488_Sirokai-Levente.jpg","contentUrl":"https:\/\/konkretstudio.hu\/wp-content\/uploads\/2022\/12\/DSC_9488_Sirokai-Levente.jpg","width":1668,"height":2500},{"@type":"BreadcrumbList","@id":"https:\/\/konkretstudio.hu\/en\/#breadcrumb","itemListElement":[{"@type":"ListItem","position":1,"name":"Kezd\u0151lap","item":"https:\/\/konkretstudio.hu\/en\/"},{"@type":"ListItem","position":2,"name":"Selected contents"}]},{"@type":"WebSite","@id":"https:\/\/konkretstudio.hu\/#website","url":"https:\/\/konkretstudio.hu\/","name":"Konkr\u00e9t St\u00fadi\u00f3","description":"modern, letisztult, kort\u00e1rs \u00e9p\u00edt\u00e9szet","publisher":{"@id":"https:\/\/konkretstudio.hu\/#organization"},"potentialAction":[{"@type":"SearchAction","target":{"@type":"EntryPoint","urlTemplate":"https:\/\/konkretstudio.hu\/?s={search_term_string}"},"query-input":{"@type":"PropertyValueSpecification","valueRequired":true,"valueName":"search_term_string"}}],"inLanguage":"en-US"},{"@type":"Organization","@id":"https:\/\/konkretstudio.hu\/#organization","name":"Konkr\u00e9t St\u00fadi\u00f3 Kft.","url":"https:\/\/konkretstudio.hu\/","logo":{"@type":"ImageObject","inLanguage":"en-US","@id":"https:\/\/konkretstudio.hu\/#\/schema\/logo\/image\/","url":"https:\/\/konkretstudio.hu\/wp-content\/uploads\/2022\/01\/konkret.jpg","contentUrl":"https:\/\/konkretstudio.hu\/wp-content\/uploads\/2022\/01\/konkret.jpg","width":2048,"height":2048,"caption":"Konkr\u00e9t St\u00fadi\u00f3 Kft."},"image":{"@id":"https:\/\/konkretstudio.hu\/#\/schema\/logo\/image\/"},"sameAs":["https:\/\/www.facebook.com\/konkretstudio.hu\/?ref=page_internal","https:\/\/www.instagram.com\/konkret_studio\/?hl=hu","https:\/\/hu.pinterest.com\/konkret_std\/_saved\/"]}]}},"_links":{"self":[{"href":"https:\/\/konkretstudio.hu\/en\/wp-json\/wp\/v2\/pages\/9358","targetHints":{"allow":["GET"]}}],"collection":[{"href":"https:\/\/konkretstudio.hu\/en\/wp-json\/wp\/v2\/pages"}],"about":[{"href":"https:\/\/konkretstudio.hu\/en\/wp-json\/wp\/v2\/types\/page"}],"author":[{"embeddable":true,"href":"https:\/\/konkretstudio.hu\/en\/wp-json\/wp\/v2\/users\/1"}],"replies":[{"embeddable":true,"href":"https:\/\/konkretstudio.hu\/en\/wp-json\/wp\/v2\/comments?post=9358"}],"version-history":[{"count":12,"href":"https:\/\/konkretstudio.hu\/en\/wp-json\/wp\/v2\/pages\/9358\/revisions"}],"predecessor-version":[{"id":11399,"href":"https:\/\/konkretstudio.hu\/en\/wp-json\/wp\/v2\/pages\/9358\/revisions\/11399"}],"wp:featuredmedia":[{"embeddable":true,"href":"https:\/\/konkretstudio.hu\/en\/wp-json\/wp\/v2\/media\/8643"}],"wp:attachment":[{"href":"https:\/\/konkretstudio.hu\/en\/wp-json\/wp\/v2\/media?parent=9358"}],"curies":[{"name":"wp","href":"https:\/\/api.w.org\/{rel}","templated":true}]}}